{"id":8,"date":"2016-04-20T11:40:29","date_gmt":"2016-04-20T09:40:29","guid":{"rendered":"http:\/\/www.obecni-noviny.cz\/?page_id=8"},"modified":"2021-12-12T16:12:13","modified_gmt":"2021-12-12T15:12:13","slug":"nabidka-zpravodaju","status":"publish","type":"page","link":"https:\/\/www.obecni-noviny.cz\/","title":{"rendered":"Nab\u00eddka slu\u017eeb"},"content":{"rendered":"<h3>Obecn\u00ed\u00a0noviny a zpravodaje m\u00e1me v krvi<\/h3>\n<p>Poskytujeme\u00a0celou \u0161k\u00e1lu slu\u017eeb, od z\u00e1kladn\u00edho grafick\u00e9ho n\u00e1vrhu, a\u017e po zas\u00edl\u00e1n\u00ed povinn\u00fdch v\u00fdtisk\u016f nebo medi\u00e1ln\u00ed poradenstv\u00ed.<\/p>\n<h3>N\u00e1vrh grafick\u00e9 podoby<\/h3>\n<p>Jsme autory stovek n\u00e1vrh\u016f grafick\u00fdch layout\u016f (vzhled\u016f) obecn\u00edch novin a zpravodaj\u016f. Samoz\u0159ejmost\u00ed spolupr\u00e1ce je tak n\u00e1vrh grafick\u00e9 podoby\u00a0va\u0161eho periodika tak, aby grafika p\u016fsobila profesion\u00e1ln\u011b a z\u00e1rove\u0148 byla \u00fa\u010deln\u00e1.<\/p>\n<h3>Jazykov\u00e1 korektura textu<\/h3>\n<p>Dle p\u0159\u00e1n\u00ed z\u00e1kazn\u00edka poskytujeme dv\u011b \u00farovn\u011b jazykov\u00fdch korektur. Z\u00e1kladn\u00ed korektura zachyt\u00ed z\u00e1kladn\u00ed jazykov\u00e9 resp. gramatick\u00e9 chyby, \u010d\u00e1rky apod. Krom\u011b toho nab\u00edz\u00edme komplexn\u00ed korekturu, kter\u00e1 zahrnuje i \u010d\u00e1ste\u010dnou stylistickou korekturu. Rozsah korektur, pakli\u017ee bude ze strany objednatele objedn\u00e1na, je v\u017edy p\u0159edm\u011btem individu\u00e1ln\u00ed objedn\u00e1vky a kalkulace pro ka\u017ed\u00e9 jednotliv\u00e9 periodikum.<\/p>\n<h3>Zlom a sazba<\/h3>\n<p>Samoz\u0159ejmost\u00ed a velkou v\u00fdhodou spolupr\u00e1ce s n\u00e1mi je operativn\u00ed zlom a sazba textu novin \u010di zpravodaje. D\u00edky technick\u00e9mu i person\u00e1ln\u00edmu z\u00e1zem\u00ed siln\u00e9ho nakladatelstv\u00ed, ve kter\u00e9m se pohybuj\u00ed profesion\u00e1ln\u00ed grafici na denn\u00ed p\u0159\u00edprav\u011b\u00a0knih a n\u00e1ro\u010dn\u00fdch tiskovin, disponujeme know-how, kter\u00e9 tak m\u016f\u017eeme p\u0159en\u00e9st do va\u0161ich novin. Zlom va\u0161eho zpravodaje tak bude proveden rychle a kvalitn\u011b.<\/p>\n<h3>PDF pro web<\/h3>\n<p>Samoz\u0159ejmost\u00ed na\u0161\u00ed spolupr\u00e1ce je dod\u00e1vka souvisej\u00edc\u00edho PDF v optimalizovan\u00e9m rozli\u0161en\u00ed pro um\u00edst\u011bn\u00ed na webov\u00e9 str\u00e1nky obce.<\/p>\n<h3>Tisk r\u016fzn\u011b vysok\u00fdch n\u00e1klad\u016f<\/h3>\n<p>Jsme schopni\u00a0vyrobit jak\u00fdkoliv ti\u0161t\u011bn\u00fd n\u00e1klad. Vyr\u00e1b\u00edme\u00a0noviny pro velk\u00e9 obce s m\u011bs\u00ed\u010dn\u00edmi n\u00e1klady 50 000 kus\u016f,\u00a0ale stejn\u011b tak i obecn\u00ed noviny v n\u00e1kladu\u00a080 kus\u016f. Ka\u017ed\u00fd typ zak\u00e1zky\u00a0vy\u017eaduje jinou technologii v\u00fdroby a my jsme p\u0159ipraveni\u00a0ji dodat. D\u00edky moern\u00edm digit\u00e1ln\u00edm technologi\u00edm jsme\u00a0v principu\u00a0p\u0159ipraveni dodat ti\u0161t\u011bn\u00e9 noviny ji\u017e od n\u00e1kladu 1 ks. Nez\u00e1le\u017e\u00ed na tom, jak velk\u00e1 obec jste, bude n\u00e1m ct\u00ed s v\u00e1mi\u00a0spolupracovat bez ohledu na velikost a objem zak\u00e1zky.<\/p>\n<h3>\u0160kolen\u00ed a poradenstv\u00ed<\/h3>\n<p>V\u00edte, jak p\u0159esn\u011b m\u00e1 vypadat tir\u00e1\u017e va\u0161ich novin \u010di\u00a0zpravodaj\u016f? Co v\u0161echno mus\u00ed tir\u00e1\u017e obsahovat? V\u00edte, zda u\u017e mus\u00edte m\u00edt registraci va\u0161eho periodika, jak takov\u00e1 registrace prob\u00edh\u00e1 a co je k tomu pot\u0159eba? V\u00edte, kdy a kam je t\u0159eba zas\u00edlat povinn\u00e9 v\u00fdtisky? \u00a0V\u00edte, jak\u00e9 \u00fadaje je\u0161t\u011b m\u016f\u017eete zve\u0159ejnit a naopak, kter\u00e9 \u00fadaje u\u017e zve\u0159ej\u0148ovat nem\u016f\u017eete?<\/p>\n<p>Na tyto a dal\u0161\u00ed ot\u00e1zky zn\u00e1me\u00a0odpov\u011b\u010f. Porad\u00edme, zda\u00a0ve va\u0161em konkr\u00e9tn\u00edm p\u0159\u00edpad\u011b\u00a0mus\u00edte \u017e\u00e1dat o registraci periodika \u010di nikoliv, porad\u00edme, jak\u00e9 \u00fadaje m\u016f\u017eete zve\u0159ej\u0148ovat a kde u\u017e se vystavujete postihu. V p\u0159\u00edpad\u011b z\u00e1jmu m\u00e1me pro redak\u010dn\u00ed t\u00fdmy obc\u00ed p\u0159ipraveno speci\u00e1ln\u00ed jednor\u00e1zov\u00e9 \u0161kolen\u00ed &#8222;z\u00e1klad\u016f obecn\u00edho vydavatele&#8220;, kter\u00e9 zak\u00e1zkov\u011b realizujeme p\u0159\u00edmo v prostor\u00e1ch obecn\u00edch \u00fa\u0159ad\u016f.<\/p>\n<h3>Operativn\u00ed term\u00edny<\/h3>\n<p>Jsme si v\u011bdomi toho, \u017ee obecn\u00ed noviny a zpravodaje jsou &#8222;hork\u00fdm zbo\u017e\u00edm&#8220; a podobn\u011b jako komer\u010dn\u00ed noviny a \u010dasopisy podl\u00e9haj\u00ed mor\u00e1ln\u00edmu informa\u010dn\u00edmu st\u00e1rnut\u00ed. Proto i na\u0161e dodac\u00ed lh\u016fty optimalizujeme\u00a0dle pot\u0159eby zadavatele tak, aby \u010das od p\u0159ed\u00e1n\u00ed podklad\u016f po hotov\u00e9 v\u00fdtisky byl co nejkrat\u0161\u00ed. B\u011b\u017en\u011b\u00a0dod\u00e1v\u00e1me hotov\u00e9 v\u00fdtisky na obec do cca 5 dn\u016f od dod\u00e1vky podklad\u016f. V p\u0159\u00edpad\u011b nutnosti a p\u0159edchoz\u00ed dohody jsme schopni dodat tiskovinu na m\u00edsto ur\u010den\u00ed do 48 hodin, v nezbytn\u00fdch\u00a0p\u0159\u00edpadech i do 24 hodin. V\u017edy v\u0161ak z\u00e1le\u017e\u00ed na\u00a0objemu tiskoviny a na velikosti zak\u00e1zky. Term\u00edny proto sjedn\u00e1v\u00e1me p\u0159i zah\u00e1jen\u00ed spolupr\u00e1ce.<\/p>\n<h3>Doru\u010den\u00ed na m\u00edsto ur\u010den\u00ed<\/h3>\n<p>Hotov\u00e9 v\u00fdtisky doru\u010dujeme na m\u00edsto ur\u010den\u00ed bu\u010f osobn\u00edm dovozem v r\u00e1mci sp\u00e1dov\u00fdch oblast\u00ed na\u0161ich obchodn\u00edch z\u00e1stupc\u016f a nebo prost\u0159ednictv\u00edm p\u0159epravn\u00edch slu\u017eeb \u010cesk\u00e9 po\u0161ty \u010di PPL. Zp\u016fsob dopravy jednotliv\u00fdch \u010d\u00edsel periodika je sjedn\u00e1v\u00e1n p\u0159i objedn\u00e1vce \u010di zah\u00e1jen\u00ed spolupr\u00e1ce.<\/p>\n<h3>Zaji\u0161t\u011bn\u00ed roznosu<\/h3>\n<p>Krom\u011b vlastn\u00ed v\u00fdroby jsme p\u0159ipraveni zajistit i roznos, event. rozsev novin a zpravodaj\u016f ve va\u0161\u00ed obci \u010di regionu skl\u00e1daj\u00edc\u00edho se z v\u00edce obc\u00ed (aktu\u00e1ln\u00ed zejm\u00e9na u MAS). Spolupracujeme s p\u0159edn\u00edmi z\u00e1silkov\u00fdmi a distribu\u010dn\u00edmi firmami. Nab\u00eddka roznosu je v\u017edy p\u0159edm\u011btem individu\u00e1ln\u00ed kalkulace.<\/p>\n<h3>Zas\u00edl\u00e1n\u00ed povinn\u00fdch v\u00fdtisk\u016f<\/h3>\n<p>Po dohod\u011b s obc\u00ed nab\u00edz\u00edme i slu\u017ebu zas\u00edl\u00e1n\u00ed povinn\u00fdch v\u00fdtisk\u016f u registrovan\u00fdch periodik. Automaticky po vyd\u00e1n\u00ed va\u0161ich novin \u010di zpravodaje po\u0161leme v z\u00e1konn\u00e9m term\u00ednu povinn\u00e9 v\u00fdtisky na p\u0159\u00edslu\u0161n\u00e9 instituce.\u00a0Z\u00e1stupci obce\u00a0tak nemus\u00ed &#8222;hl\u00eddat&#8220; term\u00edny a povinnosti vydavatele \u010d\u00e1ste\u010dn\u011b p\u0159ech\u00e1z\u00ed na n\u00e1s.<\/p>\n<h3>Dopl\u0148kov\u00e9 slu\u017eby dle dohody<\/h3>\n<p>Zpracov\u00e1n\u00ed obecn\u00edch novin a zpravodaj\u016f ch\u00e1peme jako komplexn\u00ed slu\u017ebu. Nejme a nechceme b\u00fdt &#8222;pouze&#8220; tisk\u00e1rna. Jsme partner, kter\u00fd se vyd\u00e1v\u00e1n\u00edm tiskovin dlouhodob\u011b zab\u00fdv\u00e1 a jako takov\u00fd jsme p\u0159ipraveni nab\u00eddnout komplexn\u00ed slu\u017eby.<\/p>\n","protected":false},"excerpt":{"rendered":"<p>Obecn\u00ed\u00a0noviny a zpravodaje m\u00e1me v krvi Poskytujeme\u00a0celou \u0161k\u00e1lu slu\u017eeb, od z\u00e1kladn\u00edho grafick\u00e9ho n\u00e1vrhu, a\u017e po zas\u00edl\u00e1n\u00ed povinn\u00fdch v\u00fdtisk\u016f nebo medi\u00e1ln\u00ed poradenstv\u00ed. N\u00e1vrh grafick\u00e9 podoby Jsme autory stovek n\u00e1vrh\u016f grafick\u00fdch layout\u016f (vzhled\u016f) obecn\u00edch novin a zpravodaj\u016f. Samoz\u0159ejmost\u00ed spolupr\u00e1ce je tak n\u00e1vrh grafick\u00e9 podoby\u00a0va\u0161eho periodika tak, aby grafika p\u016fsobila profesion\u00e1ln\u011b a z\u00e1rove\u0148 byla \u00fa\u010deln\u00e1. Jazykov\u00e1 korektura textu [&hellip;]<\/p>\n","protected":false},"author":1,"featured_media":0,"parent":0,"menu_order":0,"comment_status":"closed","ping_status":"closed","template":"","meta":{"footnotes":""},"_links":{"self":[{"href":"https:\/\/www.obecni-noviny.cz\/index.php?rest_route=\/wp\/v2\/pages\/8"}],"collection":[{"href":"https:\/\/www.obecni-noviny.cz\/index.php?rest_route=\/wp\/v2\/pages"}],"about":[{"href":"https:\/\/www.obecni-noviny.cz\/index.php?rest_route=\/wp\/v2\/types\/page"}],"author":[{"embeddable":true,"href":"https:\/\/www.obecni-noviny.cz\/index.php?rest_route=\/wp\/v2\/users\/1"}],"replies":[{"embeddable":true,"href":"https:\/\/www.obecni-noviny.cz\/index.php?rest_route=%2Fwp%2Fv2%2Fcomments&post=8"}],"version-history":[{"count":9,"href":"https:\/\/www.obecni-noviny.cz\/index.php?rest_route=\/wp\/v2\/pages\/8\/revisions"}],"predecessor-version":[{"id":48,"href":"https:\/\/www.obecni-noviny.cz\/index.php?rest_route=\/wp\/v2\/pages\/8\/revisions\/48"}],"wp:attachment":[{"href":"https:\/\/www.obecni-noviny.cz\/index.php?rest_route=%2Fwp%2Fv2%2Fmedia&parent=8"}],"curies":[{"name":"wp","href":"https:\/\/api.w.org\/{rel}","templated":true}]}}