{"id":6,"date":"2016-04-20T11:40:15","date_gmt":"2016-04-20T09:40:15","guid":{"rendered":"http:\/\/www.obecni-noviny.cz\/?page_id=6"},"modified":"2016-04-20T17:26:12","modified_gmt":"2016-04-20T15:26:12","slug":"o-nas","status":"publish","type":"page","link":"https:\/\/www.obecni-noviny.cz\/?page_id=6","title":{"rendered":"O n\u00e1s"},"content":{"rendered":"<p>Spole\u010dnost Computer Media s.r.o. je ryze \u010desk\u00e1 medi\u00e1ln\u00ed spole\u010dnost s\u00a0histori\u00ed 12 let na trhu, zab\u00fdvaj\u00edc\u00ed se produkc\u00ed v oblasti ti\u0161t\u011bn\u00fdch a elektronick\u00fdch m\u00e9di\u00ed. Jedn\u00edm z hlavn\u00edch segment\u016f spole\u010dnosti je nakladatelstv\u00ed.\u00a0Spole\u010dnost vyd\u00e1v\u00e1 po\u010d\u00edta\u010dovou literaturu,\u00a0tituly z oblasti ekonomiky, marketingu, medi\u00e1ln\u00ed komunikace, technick\u00e9 knihy, tituly pro voln\u00fd \u010das, pro d\u011bti, leporela apod.\u00a0Nezanedbatelnou \u010d\u00e1st produkce nakladatelstv\u00ed p\u0159edstavuj\u00ed u\u010debnice pro z\u00e1kladn\u00ed a st\u0159edn\u00ed \u0161koly, z nich\u017e mnoh\u00e9 nastavily standard v oblasti materi\u00e1l\u016f pro v\u00fduku dan\u00e9ho p\u0159edm\u011btu.\u00a0Mezi na\u0161imi autory jsou \u010dasto \u0161pi\u010dkov\u00ed odborn\u00edci v dan\u00e9 oblasti. A\u0165 u\u017e jsou to zam\u011bstnanci korpor\u00e1tn\u00ed sf\u00e9ry, u\u010ditel\u00e9, vysoko\u0161kol\u0161t\u00ed pedagogov\u00e9, nebo i psychologov\u00e9, uzn\u00e1van\u00ed l\u00e9ka\u0159i \u010di presti\u017en\u00ed IT odborn\u00edci.<\/p>\n<p>Spole\u010dnost d\u00e1le provozuje \u0159adu internetov\u00fdch server\u016f, vlastn\u00edmi silami produkuje n\u011bkolik informa\u010dn\u00edch syst\u00e9m\u016f, produkuje velkoplo\u0161n\u00e9 tiskoviny a plak\u00e1ty, v\u00fdukov\u00e9 karty, elektronick\u00e9 knihy a m\u00e9dia, apod.<\/p>\n<p>Jednou ze samostatn\u00fdch diviz\u00ed spole\u010dnosti je i sekce Obecn\u00edch zpravodaj\u016f. Proto\u017ee se na zpravodaje v\u00a0r\u00e1mci t\u00e9to sekce specializujeme a m\u00e1me zku\u0161enosti, dok\u00e1\u017eeme nab\u00eddnout plnohodnotn\u00fd person\u00e1ln\u00ed a technologick\u00fd servis\u00a0sest\u00e1vaj\u00edc\u00ed se z\u00a0grafik\u016f, produk\u010dn\u00edch, obchodn\u00edk\u016f apod.<\/p>\n<p>D\u00edky dlouholet\u00e9 nakladatelsk\u00e9 zku\u0161enosti, t\u00fdmu specialist\u016f, grafik\u016f, korektor\u016f a produk\u010dn\u00edch m\u016f\u017eeme nab\u00eddnout obc\u00edm a m\u011bst\u016fm\u00a0komplexn\u00ed servis ve zpracov\u00e1n\u00ed, p\u0159\u00edprav\u011b a tisku obecn\u00edch novin a zpravodaj\u016f.<\/p>\n","protected":false},"excerpt":{"rendered":"<p>Spole\u010dnost Computer Media s.r.o. je ryze \u010desk\u00e1 medi\u00e1ln\u00ed spole\u010dnost s\u00a0histori\u00ed 12 let na trhu, zab\u00fdvaj\u00edc\u00ed se produkc\u00ed v oblasti ti\u0161t\u011bn\u00fdch a elektronick\u00fdch m\u00e9di\u00ed. Jedn\u00edm z hlavn\u00edch segment\u016f spole\u010dnosti je nakladatelstv\u00ed.\u00a0Spole\u010dnost vyd\u00e1v\u00e1 po\u010d\u00edta\u010dovou literaturu,\u00a0tituly z oblasti ekonomiky, marketingu, medi\u00e1ln\u00ed komunikace, technick\u00e9 knihy, tituly pro voln\u00fd \u010das, pro d\u011bti, leporela apod.\u00a0Nezanedbatelnou \u010d\u00e1st produkce nakladatelstv\u00ed p\u0159edstavuj\u00ed u\u010debnice pro [&hellip;]<\/p>\n","protected":false},"author":1,"featured_media":0,"parent":0,"menu_order":0,"comment_status":"closed","ping_status":"closed","template":"","meta":{"footnotes":""},"_links":{"self":[{"href":"https:\/\/www.obecni-noviny.cz\/index.php?rest_route=\/wp\/v2\/pages\/6"}],"collection":[{"href":"https:\/\/www.obecni-noviny.cz\/index.php?rest_route=\/wp\/v2\/pages"}],"about":[{"href":"https:\/\/www.obecni-noviny.cz\/index.php?rest_route=\/wp\/v2\/types\/page"}],"author":[{"embeddable":true,"href":"https:\/\/www.obecni-noviny.cz\/index.php?rest_route=\/wp\/v2\/users\/1"}],"replies":[{"embeddable":true,"href":"https:\/\/www.obecni-noviny.cz\/index.php?rest_route=%2Fwp%2Fv2%2Fcomments&post=6"}],"version-history":[{"count":2,"href":"https:\/\/www.obecni-noviny.cz\/index.php?rest_route=\/wp\/v2\/pages\/6\/revisions"}],"predecessor-version":[{"id":27,"href":"https:\/\/www.obecni-noviny.cz\/index.php?rest_route=\/wp\/v2\/pages\/6\/revisions\/27"}],"wp:attachment":[{"href":"https:\/\/www.obecni-noviny.cz\/index.php?rest_route=%2Fwp%2Fv2%2Fmedia&parent=6"}],"curies":[{"name":"wp","href":"https:\/\/api.w.org\/{rel}","templated":true}]}}