{"id":4,"date":"2016-04-20T11:40:06","date_gmt":"2016-04-20T09:40:06","guid":{"rendered":"http:\/\/www.obecni-noviny.cz\/?page_id=4"},"modified":"2021-12-12T16:13:28","modified_gmt":"2021-12-12T15:13:28","slug":"kontakt","status":"publish","type":"page","link":"https:\/\/www.obecni-noviny.cz\/?page_id=4","title":{"rendered":"Kontakt"},"content":{"rendered":"<p>Computer Media s.r.o.<br \/>\nOlomouck\u00e1 4630 \/ 28<br \/>\n796 01 \u00a0Prost\u011bjov<\/p>\n<p>I\u010c: 26919974<br \/>\nDI\u010c: CZ26919974<\/p>\n<p>www.obecni-noviny.cz<br \/>\nwww.computermedia.cz<\/p>\n<p>&nbsp;<\/p>\n<p><strong>Obecn\u00fd kontakt odd\u011blen\u00ed zpravodaj\u016f:<\/strong><\/p>\n<p>E-mail: zpravodaje@computermedia.cz<br \/>\nTel.: +420 582 302 607<\/p>\n","protected":false},"excerpt":{"rendered":"<p>Computer Media s.r.o. Olomouck\u00e1 4630 \/ 28 796 01 \u00a0Prost\u011bjov I\u010c: 26919974 DI\u010c: CZ26919974 www.obecni-noviny.cz www.computermedia.cz &nbsp; Obecn\u00fd kontakt odd\u011blen\u00ed zpravodaj\u016f: E-mail: zpravodaje@computermedia.cz Tel.: +420 582 302 607<\/p>\n","protected":false},"author":1,"featured_media":0,"parent":0,"menu_order":5,"comment_status":"closed","ping_status":"closed","template":"","meta":{"footnotes":""},"_links":{"self":[{"href":"https:\/\/www.obecni-noviny.cz\/index.php?rest_route=\/wp\/v2\/pages\/4"}],"collection":[{"href":"https:\/\/www.obecni-noviny.cz\/index.php?rest_route=\/wp\/v2\/pages"}],"about":[{"href":"https:\/\/www.obecni-noviny.cz\/index.php?rest_route=\/wp\/v2\/types\/page"}],"author":[{"embeddable":true,"href":"https:\/\/www.obecni-noviny.cz\/index.php?rest_route=\/wp\/v2\/users\/1"}],"replies":[{"embeddable":true,"href":"https:\/\/www.obecni-noviny.cz\/index.php?rest_route=%2Fwp%2Fv2%2Fcomments&post=4"}],"version-history":[{"count":5,"href":"https:\/\/www.obecni-noviny.cz\/index.php?rest_route=\/wp\/v2\/pages\/4\/revisions"}],"predecessor-version":[{"id":69,"href":"https:\/\/www.obecni-noviny.cz\/index.php?rest_route=\/wp\/v2\/pages\/4\/revisions\/69"}],"wp:attachment":[{"href":"https:\/\/www.obecni-noviny.cz\/index.php?rest_route=%2Fwp%2Fv2%2Fmedia&parent=4"}],"curies":[{"name":"wp","href":"https:\/\/api.w.org\/{rel}","templated":true}]}}