{"id":10,"date":"2016-04-20T11:40:38","date_gmt":"2016-04-20T09:40:38","guid":{"rendered":"http:\/\/www.obecni-noviny.cz\/?page_id=10"},"modified":"2016-04-22T16:21:17","modified_gmt":"2016-04-22T14:21:17","slug":"referenceefd","status":"publish","type":"page","link":"https:\/\/www.obecni-noviny.cz\/?page_id=10","title":{"rendered":"Reference"},"content":{"rendered":"<p>Spole\u010dnost Computer Media realizuje noviny\u00a0a zpravodaje pro velk\u00e1 m\u011bsta i nejmen\u0161\u00ed obce. Rukama na\u0161ich grafik\u016f a v\u00e1lci na\u0161ich\u00a0tiskov\u00fdch stroj\u016f pro\u0161ly noviny a zpravodaje velk\u00fdch obc\u00ed, jako nap\u0159\u00edklad \u010cesk\u00e9 Bud\u011bjovice, ale na druh\u00e9 stran\u011b i nejmen\u0161\u00ed obce s 50 \u010d\u00edsly popisn\u00fdmi. Jsme p\u0159ipraveni zrealizovat\u00a0nejmen\u0161\u00ed zak\u00e1zky v \u0159\u00e1dech des\u00edtek kus\u016f, stejn\u011b tak jako desetitis\u00edcov\u00e9 n\u00e1klady.<\/p>\n<h3>Realizujeme zpravodaje mimo jin\u00e9 i pro tyto obce a m\u011bsta:<\/h3>\n<p style=\"text-align: left;\">B\u011blkovice-La\u0161\u0165any<br \/>\nBene\u0161ov<br \/>\nB\u00edlsko<br \/>\nBrodek u P\u0159erova<br \/>\n\u010cehovice<br \/>\nDr\u017eovice<br \/>\nHosti\u0161ov\u00e1<br \/>\nKokory<br \/>\nK\u0159enovice<br \/>\nK\u0159enovice<br \/>\nKun\u00edn<br \/>\nKun\u00edn<br \/>\nLhota u Lipn\u00edka<br \/>\nLhota u Zl\u00edna<br \/>\nLipov\u00e1<br \/>\nL\u00ed\u0161n\u00e1<br \/>\nLobodice<br \/>\nLub\u011bnice<br \/>\nMalet\u00edn<br \/>\nMAS &#8211; Partnerstv\u00ed Mo\u0161t\u011bnka o.p.s.<br \/>\nMAS &#8211; Prost\u011bjov o.p.s.<br \/>\nM\u011bsto Moravsk\u00fd Beroun<br \/>\nM\u011bstys Brodek u P\u0159erova<br \/>\nM\u011bstys Dub nad Moravou<br \/>\nM\u011bstys Kralice na Han\u00e9<br \/>\nM\u00ed\u0161kovice<br \/>\nMoravi\u010dany<br \/>\nMoravsk\u00fd beroun<br \/>\nMostkovice<br \/>\nMyslejovice<br \/>\nMyslo\u010dovice<br \/>\nOl\u0161any<br \/>\nP\u0148ovice<br \/>\nPolkovice<br \/>\nRadslavice<br \/>\nR\u00e1jec<br \/>\nRuprechtov<br \/>\nSlatina<br \/>\nSv\u00e9sedlice<br \/>\nTr\u0161ice<br \/>\nV\u00edcem\u011b\u0159ice<br \/>\nVyso\u010dany<br \/>\nZlechov<br \/>\n\u017delatovice<br \/>\n\u017derot\u00edn<br \/>\n.. a spousta dal\u0161\u00edch.<\/p>\n<h3 style=\"text-align: left;\">Uk\u00e1zky n\u011bkolika ob\u00e1lek n\u00e1mi produkovan\u00fdch obecn\u00edch periodik:<\/h3>\n<p><img loading=\"lazy\" decoding=\"async\" class=\"alignnone size-medium wp-image-53\" src=\"https:\/\/obecni-noviny.cz\/wp-content\/uploads\/2016\/04\/benesov-212x300.jpg\" alt=\"benesov\" width=\"212\" height=\"300\" srcset=\"https:\/\/obecni-noviny.cz\/wp-content\/uploads\/2016\/04\/benesov-212x300.jpg 212w, https:\/\/obecni-noviny.cz\/wp-content\/uploads\/2016\/04\/benesov.jpg 500w\" sizes=\"(max-width: 212px) 100vw, 212px\" \/>\u00a0 \u00a0<img loading=\"lazy\" decoding=\"async\" class=\"alignnone size-medium wp-image-54\" src=\"https:\/\/obecni-noviny.cz\/wp-content\/uploads\/2016\/04\/bilsko-216x300.jpg\" alt=\"bilsko\" width=\"216\" height=\"300\" srcset=\"https:\/\/obecni-noviny.cz\/wp-content\/uploads\/2016\/04\/bilsko-216x300.jpg 216w, https:\/\/obecni-noviny.cz\/wp-content\/uploads\/2016\/04\/bilsko.jpg 500w\" sizes=\"(max-width: 216px) 100vw, 216px\" \/>\u00a0\u00a0\u00a0\u00a0<img loading=\"lazy\" decoding=\"async\" class=\"alignnone size-medium wp-image-55\" src=\"https:\/\/obecni-noviny.cz\/wp-content\/uploads\/2016\/04\/Brodek_zpravodaj-212x300.jpg\" alt=\"Brodek_zpravodaj\" width=\"212\" height=\"300\" srcset=\"https:\/\/obecni-noviny.cz\/wp-content\/uploads\/2016\/04\/Brodek_zpravodaj-212x300.jpg 212w, https:\/\/obecni-noviny.cz\/wp-content\/uploads\/2016\/04\/Brodek_zpravodaj.jpg 500w\" sizes=\"(max-width: 212px) 100vw, 212px\" \/><\/p>\n<p><img loading=\"lazy\" decoding=\"async\" class=\"alignnone size-medium wp-image-56\" src=\"https:\/\/obecni-noviny.cz\/wp-content\/uploads\/2016\/04\/cehovice-212x300.jpg\" alt=\"cehovice.indd\" width=\"212\" height=\"300\" srcset=\"https:\/\/obecni-noviny.cz\/wp-content\/uploads\/2016\/04\/cehovice-212x300.jpg 212w, https:\/\/obecni-noviny.cz\/wp-content\/uploads\/2016\/04\/cehovice.jpg 500w\" sizes=\"(max-width: 212px) 100vw, 212px\" \/>\u00a0 \u00a0\u00a0<img loading=\"lazy\" decoding=\"async\" class=\"alignnone size-medium wp-image-57\" src=\"https:\/\/obecni-noviny.cz\/wp-content\/uploads\/2016\/04\/dubnadmoravou-213x300.jpg\" alt=\"dubnadmoravou\" width=\"213\" height=\"300\" srcset=\"https:\/\/obecni-noviny.cz\/wp-content\/uploads\/2016\/04\/dubnadmoravou-213x300.jpg 213w, https:\/\/obecni-noviny.cz\/wp-content\/uploads\/2016\/04\/dubnadmoravou.jpg 500w\" sizes=\"(max-width: 213px) 100vw, 213px\" \/>\u00a0\u00a0\u00a0 <img loading=\"lazy\" decoding=\"async\" class=\"alignnone size-medium wp-image-58\" src=\"https:\/\/obecni-noviny.cz\/wp-content\/uploads\/2016\/04\/kralice_na_hane-210x300.jpg\" alt=\"kralice_02.indd\" width=\"210\" height=\"300\" srcset=\"https:\/\/obecni-noviny.cz\/wp-content\/uploads\/2016\/04\/kralice_na_hane-210x300.jpg 210w, https:\/\/obecni-noviny.cz\/wp-content\/uploads\/2016\/04\/kralice_na_hane.jpg 500w\" sizes=\"(max-width: 210px) 100vw, 210px\" \/><\/p>\n<p><img loading=\"lazy\" decoding=\"async\" class=\"alignnone size-medium wp-image-59\" src=\"https:\/\/obecni-noviny.cz\/wp-content\/uploads\/2016\/04\/kunin-212x300.jpg\" alt=\"kunin.indd\" width=\"212\" height=\"300\" srcset=\"https:\/\/obecni-noviny.cz\/wp-content\/uploads\/2016\/04\/kunin-212x300.jpg 212w, https:\/\/obecni-noviny.cz\/wp-content\/uploads\/2016\/04\/kunin.jpg 500w\" sizes=\"(max-width: 212px) 100vw, 212px\" \/>\u00a0 \u00a0<img loading=\"lazy\" decoding=\"async\" class=\"alignnone size-medium wp-image-60\" src=\"https:\/\/obecni-noviny.cz\/wp-content\/uploads\/2016\/04\/mostkovice-213x300.jpg\" alt=\"mostkovice.indd\" width=\"213\" height=\"300\" srcset=\"https:\/\/obecni-noviny.cz\/wp-content\/uploads\/2016\/04\/mostkovice-213x300.jpg 213w, https:\/\/obecni-noviny.cz\/wp-content\/uploads\/2016\/04\/mostkovice.jpg 500w\" sizes=\"(max-width: 213px) 100vw, 213px\" \/>\u00a0 \u00a0\u00a0 <img loading=\"lazy\" decoding=\"async\" class=\"alignnone size-medium wp-image-61\" src=\"https:\/\/obecni-noviny.cz\/wp-content\/uploads\/2016\/04\/myslocovice-210x300.jpg\" alt=\"myslocovice.indd\" width=\"210\" height=\"300\" srcset=\"https:\/\/obecni-noviny.cz\/wp-content\/uploads\/2016\/04\/myslocovice-210x300.jpg 210w, https:\/\/obecni-noviny.cz\/wp-content\/uploads\/2016\/04\/myslocovice.jpg 500w\" sizes=\"(max-width: 210px) 100vw, 210px\" \/><\/p>\n<p><img loading=\"lazy\" decoding=\"async\" class=\"alignnone size-medium wp-image-62\" src=\"https:\/\/obecni-noviny.cz\/wp-content\/uploads\/2016\/04\/vysocany-212x300.jpg\" alt=\"vysocany.indd\" width=\"212\" height=\"300\" srcset=\"https:\/\/obecni-noviny.cz\/wp-content\/uploads\/2016\/04\/vysocany-212x300.jpg 212w, https:\/\/obecni-noviny.cz\/wp-content\/uploads\/2016\/04\/vysocany.jpg 500w\" sizes=\"(max-width: 212px) 100vw, 212px\" \/><\/p>\n","protected":false},"excerpt":{"rendered":"<p>Spole\u010dnost Computer Media realizuje noviny\u00a0a zpravodaje pro velk\u00e1 m\u011bsta i nejmen\u0161\u00ed obce. Rukama na\u0161ich grafik\u016f a v\u00e1lci na\u0161ich\u00a0tiskov\u00fdch stroj\u016f pro\u0161ly noviny a zpravodaje velk\u00fdch obc\u00ed, jako nap\u0159\u00edklad \u010cesk\u00e9 Bud\u011bjovice, ale na druh\u00e9 stran\u011b i nejmen\u0161\u00ed obce s 50 \u010d\u00edsly popisn\u00fdmi. Jsme p\u0159ipraveni zrealizovat\u00a0nejmen\u0161\u00ed zak\u00e1zky v \u0159\u00e1dech des\u00edtek kus\u016f, stejn\u011b tak jako desetitis\u00edcov\u00e9 n\u00e1klady. Realizujeme zpravodaje [&hellip;]<\/p>\n","protected":false},"author":1,"featured_media":0,"parent":0,"menu_order":0,"comment_status":"closed","ping_status":"closed","template":"","meta":{"footnotes":""},"_links":{"self":[{"href":"https:\/\/www.obecni-noviny.cz\/index.php?rest_route=\/wp\/v2\/pages\/10"}],"collection":[{"href":"https:\/\/www.obecni-noviny.cz\/index.php?rest_route=\/wp\/v2\/pages"}],"about":[{"href":"https:\/\/www.obecni-noviny.cz\/index.php?rest_route=\/wp\/v2\/types\/page"}],"author":[{"embeddable":true,"href":"https:\/\/www.obecni-noviny.cz\/index.php?rest_route=\/wp\/v2\/users\/1"}],"replies":[{"embeddable":true,"href":"https:\/\/www.obecni-noviny.cz\/index.php?rest_route=%2Fwp%2Fv2%2Fcomments&post=10"}],"version-history":[{"count":10,"href":"https:\/\/www.obecni-noviny.cz\/index.php?rest_route=\/wp\/v2\/pages\/10\/revisions"}],"predecessor-version":[{"id":64,"href":"https:\/\/www.obecni-noviny.cz\/index.php?rest_route=\/wp\/v2\/pages\/10\/revisions\/64"}],"wp:attachment":[{"href":"https:\/\/www.obecni-noviny.cz\/index.php?rest_route=%2Fwp%2Fv2%2Fmedia&parent=10"}],"curies":[{"name":"wp","href":"https:\/\/api.w.org\/{rel}","templated":true}]}}